{"id":10497,"date":"2022-07-20T22:27:02","date_gmt":"2022-07-20T20:27:02","guid":{"rendered":"https:\/\/sviluppoweb2.vmgroupsagl.com\/bellotti\/?page_id=10497"},"modified":"2022-07-28T22:41:02","modified_gmt":"2022-07-28T20:41:02","slug":"sostenibilita","status":"publish","type":"page","link":"https:\/\/sviluppoweb2.vmgroupsagl.com\/bellotti\/sostenibilita\/","title":{"rendered":"Sostenibilit\u00e0"},"content":{"rendered":"<p>[vc_row css=&#8221;.vc_custom_1658825895565{background-image: url(https:\/\/sviluppoweb2.vmgroupsagl.com\/bellotti\/wp-content\/uploads\/2022\/07\/bellotti-sostenibilita.jpg?id=10634) !important;background-position: center !important;background-repeat: no-repeat !important;background-size: cover !important;}&#8221; el_id=&#8221;apertura-soluzioni&#8221;][vc_column][vc_row_inner el_class=&#8221;innerwrapper&#8221;][vc_column_inner width=&#8221;1\/12&#8243; offset=&#8221;vc_hidden-xs&#8221;][\/vc_column_inner][vc_column_inner width=&#8221;10\/12&#8243;][vc_custom_heading text=&#8221;Sostenibilit\u00e0&#8221; font_container=&#8221;tag:h1|text_align:center|color:%23ffffff&#8221; use_theme_fonts=&#8221;yes&#8221;][vc_column_text]<\/p>\n<p style=\"text-align: center; color: white;\">Ci impegniamo ogni giorno per costruire un futuro migliore.<\/p>\n<p>[\/vc_column_text][\/vc_column_inner][vc_column_inner width=&#8221;1\/12&#8243; offset=&#8221;vc_hidden-xs&#8221;][\/vc_column_inner][\/vc_row_inner][vc_row_inner el_class=&#8221;innerwrapper mobileoff&#8221; el_id=&#8221;prodotti-nascondere&#8221;][vc_column_inner][vc_btn title=&#8221;Sostenibilit\u00e0&#8221; shape=&#8221;square&#8221; link=&#8221;url:%23sostenibilita&#8221; el_class=&#8221;button-black scroll&#8221;][vc_btn title=&#8221;La nostra storia&#8221; shape=&#8221;square&#8221; link=&#8221;url:%23storia&#8221; el_class=&#8221;button-green scroll&#8221;][vc_btn title=&#8221;Certificazioni&#8221; shape=&#8221;square&#8221; link=&#8221;url:%23certificazioni&#8221; el_class=&#8221;button-black scroll&#8221;][\/vc_column_inner][\/vc_row_inner][\/vc_column][\/vc_row][vc_row css=&#8221;.vc_custom_1655739124355{background-color: #f1f1f1 !important;}&#8221;][vc_column][vc_row_inner][vc_column_inner width=&#8221;1\/4&#8243;][\/vc_column_inner][vc_column_inner width=&#8221;1\/2&#8243;][vc_column_text]<\/p>\n<blockquote>\n<p style=\"text-align: center;\"><em>Abbiamo scelto di mettere al centro delle strategie di lungo periodo aziendali <strong>la sostenibilit\u00e0 ambientale e sociale.<\/strong><\/em><\/p>\n<\/blockquote>\n<p>[\/vc_column_text][\/vc_column_inner][vc_column_inner width=&#8221;1\/4&#8243;][\/vc_column_inner][\/vc_row_inner][\/vc_column][vc_column][vc_row_inner content_placement=&#8221;middle&#8221; el_class=&#8221;innerwrapper&#8221;][vc_column_inner width=&#8221;7\/12&#8243;][vc_custom_heading text=&#8221;Supportiamo<br \/>\n<strong>Sustainable Development Goals<\/strong>&#8221; use_theme_fonts=&#8221;yes&#8221;][vc_column_text]Nel 2015 le Nazioni Unite hanno stabilito <strong>17 Goals (SDGs)<\/strong> all\u2019interno dell\u2019<a title=\"Agenda 2030 per lo Sviluppo Sostenibile\" href=\"https:\/\/sdgs.un.org\/2030agenda\" target=\"_blank\" rel=\"noopener\">Agenda 2030 per lo Sviluppo Sostenibile<\/a> per realizzare un futuro migliore per tutta l\u2019umanit\u00e0.<br \/>\nOgnuno \u00e8 chiamato a fare la propria parte: i governi, il settore dei privati e la societ\u00e0 civile. <strong>Le aziende hanno un ruolo fondamentale<\/strong> nell\u2019ideazione e adozione di soluzioni innovative in linea con gli SDGs.[\/vc_column_text][\/vc_column_inner][vc_column_inner width=&#8221;5\/12&#8243;][vc_column_text]<\/p>\n<p style=\"text-align: center;\"><img loading=\"lazy\" title=\"Sustainable Development Goals\" src=\"https:\/\/sviluppoweb2.vmgroupsagl.com\/bellotti\/wp-content\/uploads\/2022\/06\/sustainable-development-goals.svg\" alt=\"Sustainable Development Goals\" width=\"300\" height=\"auto\" \/><\/p>\n<p>[\/vc_column_text][\/vc_column_inner][\/vc_row_inner][vc_row_inner content_placement=&#8221;middle&#8221; el_class=&#8221;innerwrapper&#8221;][vc_column_inner][vc_single_image image=&#8221;10134&#8243; img_size=&#8221;large&#8221; alignment=&#8221;center&#8221; css_animation=&#8221;fadeIn&#8221;][\/vc_column_inner][\/vc_row_inner][vc_row_inner equal_height=&#8221;yes&#8221; el_class=&#8221;innerwrapper&#8221;][vc_column_inner][vc_column_text]Ecco a quali Goals in particolare stiamo lavorando:[\/vc_column_text][\/vc_column_inner][\/vc_row_inner][vc_row_inner equal_height=&#8221;yes&#8221; el_class=&#8221;innerwrapper goal&#8221;][vc_column_inner width=&#8221;5\/12&#8243;][vc_empty_space height=&#8221;40px&#8221; el_class=&#8221;rettangolo-goal goal-4&#8243;][vc_custom_heading text=&#8221;<strong>Istruzione di qualit\u00e0<\/strong>&#8221; font_container=&#8221;tag:h3|font_size:1rem|text_align:left|line_height:1.7rem&#8221; use_theme_fonts=&#8221;yes&#8221;][vc_column_text]Bellotti, da sempre, d\u00e0 \u201cvalore\u201d al futuro delle nuove generazioni, contribuendo alla loro formazione. In tal senso, l\u2019azienda supporta le famiglie dei propri dipendenti, mettendo a loro disposizione, ogni anno, una <strong>borsa di studio<\/strong> per i loro figli iscritti alle scuole di ogni ordine e grado, dalle elementari in poi. Inoltre l\u2019azienda organizza periodicamente delle collaborazioni con <strong>il polo Formativo Legno-Arredo<\/strong> e con il <strong>Politecnico di Milano,<\/strong> ospitando altres\u00ec i ragazzi per tirocini lavorativi finalizzati al loro inserimento nel mondo del lavoro.[\/vc_column_text][\/vc_column_inner][vc_column_inner width=&#8221;1\/6&#8243;][\/vc_column_inner][vc_column_inner width=&#8221;5\/12&#8243;][vc_empty_space height=&#8221;40px&#8221; el_class=&#8221;rettangolo-goal goal-5&#8243;][vc_custom_heading text=&#8221;<strong>Parit\u00e0 di genere<\/strong>&#8221; font_container=&#8221;tag:h3|font_size:1rem|text_align:left|line_height:1.7rem&#8221; use_theme_fonts=&#8221;yes&#8221;][vc_column_text]L\u2019azienda si impegna quotidianamente e concretamente nella realizzazione di un ambiente di lavoro inclusivo e meritocratico, che valorizza il talento e dove tutte le persone, <strong>senza alcuna distinzione di genere,<\/strong> possano avere accesso alle stesse opportunit\u00e0 di carriera. Un obiettivo perseguito nella piena consapevolezza che la valorizzazione delle singole diversit\u00e0 nei team di lavoro, rappresenta un asset strategico per l\u2019azienda, che stimola ed accelera i processi di creativit\u00e0 e innovazione.[\/vc_column_text][\/vc_column_inner][vc_column_inner][vc_empty_space height=&#8221;80px&#8221;][\/vc_column_inner][\/vc_row_inner][vc_row_inner equal_height=&#8221;yes&#8221; el_class=&#8221;innerwrapper goal&#8221;][vc_column_inner width=&#8221;5\/12&#8243;][vc_empty_space height=&#8221;40px&#8221; el_class=&#8221;rettangolo-goal goal-7&#8243;][vc_custom_heading text=&#8221;<strong>Energia pulita e accessibile<\/strong>&#8221; font_container=&#8221;tag:h3|font_size:1rem|text_align:left|line_height:1.7rem&#8221; use_theme_fonts=&#8221;yes&#8221;][vc_column_text]Bellotti nel 2009 \u00e8 stata una delle prime realt\u00e0 ad installare uno dei pi\u00f9 grandi <strong>impianti fotovoltaici su tetto totalmente integrato,<\/strong> da 1MW di potenza, con 4500 pannelli per una copertura di 10.000 m\u00b2 di falde, con cui copre circa il 37% del fabbisogno energetico dell\u2019azienda. Da allora, l\u2019azienda ha prodotto 11.500MWh di <strong>energia pulita,<\/strong> immettendone nella rete pubblica circa 4.000MWh.[\/vc_column_text][\/vc_column_inner][vc_column_inner width=&#8221;1\/6&#8243;][\/vc_column_inner][vc_column_inner width=&#8221;5\/12&#8243;][vc_empty_space height=&#8221;40px&#8221; el_class=&#8221;rettangolo-goal goal-8&#8243;][vc_custom_heading text=&#8221;<strong>Consumo e produzione responsabili<\/strong>&#8221; font_container=&#8221;tag:h3|font_size:1rem|text_align:left|line_height:1.7rem&#8221; use_theme_fonts=&#8221;yes&#8221;][vc_column_text]Oltre alla produzione di energia dall\u2019utilizzo di fonti alternative, Bellotti \u00e8 attenta a perseguire una politica di consumi e produzione sostenibili attraverso: la sostituzione di tutta l\u2019illuminazione aziendale con <strong>Led a basso consumo;<\/strong> la riduzione degli scarti di lavorazione; l\u2019attivazione di programmi di riuso e <strong>riciclo dei materiali,<\/strong> come per esempio l\u2019uso di vavanite (farina del guscio della noce di cocco) per la produzione della colla; la scelta di passare all\u2019utilizzo di <strong>resine melamminiche,<\/strong> che richiedono temperature di indurimento estremamente pi\u00f9 basse; la scelta di operare con Partner e fornitori che attuano gli stessi principi di sostenibilit\u00e0.[\/vc_column_text][\/vc_column_inner][vc_column_inner][vc_empty_space height=&#8221;80px&#8221;][\/vc_column_inner][\/vc_row_inner][vc_row_inner equal_height=&#8221;yes&#8221; el_class=&#8221;innerwrapper goal&#8221;][vc_column_inner width=&#8221;5\/12&#8243;][vc_empty_space height=&#8221;40px&#8221; el_class=&#8221;rettangolo-goal goal-12&#8243;][vc_custom_heading text=&#8221;<strong>Vita sulla terra<\/strong>&#8221; font_container=&#8221;tag:h3|font_size:1rem|text_align:left|line_height:1.7rem&#8221; use_theme_fonts=&#8221;yes&#8221;][vc_column_text]Anche nell&#8217;approvvigionamento delle proprie materie prime Bellotti fa scelte responsabili, selezionando materiali in possesso di <a href=\"#certificazioni\"><strong>certificazioni FSC<sup>\u00ae<\/sup> e PEFC\u2122<\/strong><\/a> che certificano la provenienza da foreste gestite in maniera corretta e responsabile secondo rigorosi standard ambientali, sociali ed economici.[\/vc_column_text][\/vc_column_inner][vc_column_inner width=&#8221;1\/6&#8243;][\/vc_column_inner][vc_column_inner width=&#8221;5\/12&#8243;][\/vc_column_inner][vc_column_inner][vc_empty_space height=&#8221;80px&#8221;][\/vc_column_inner][\/vc_row_inner][vc_row_inner el_class=&#8221;innerwrapper&#8221;][vc_column_inner][vc_empty_space height=&#8221;80px&#8221;][\/vc_column_inner][vc_column_inner][vc_media_grid gap=&#8221;30&#8243; grid_id=&#8221;vc_gid:1659040785231-cae2102c-6723-6&#8243; include=&#8221;9880,10125,10123&#8243;][\/vc_column_inner][\/vc_row_inner][\/vc_column][\/vc_row]<\/p>\n","protected":false},"excerpt":{"rendered":"[vc_row css=&#8221;.vc_custom_1658825895565{background-image: url(https:\/\/sviluppoweb2.vmgroupsagl.com\/bellotti\/wp-content\/uploads\/2022\/07\/bellotti-sostenibilita.jpg?id=10634) !important;background-position: center !important;background-repeat: no-repeat !important;background-size: cover !important;}&#8221; el_id=&#8221;apertura-soluzioni&#8221;][vc_column][vc_row_inner el_class=&#8221;innerwrapper&#8221;][vc_column_inner&#8230; <a class=\"view-article\" href=\"https:\/\/sviluppoweb2.vmgroupsagl.com\/bellotti\/sostenibilita\/\">Mostra articolo<\/a>","protected":false},"author":9,"featured_media":0,"parent":0,"menu_order":0,"comment_status":"closed","ping_status":"closed","template":"template-no-titolo.php","meta":[],"categories":[],"tags":[],"acf":[],"_links":{"self":[{"href":"https:\/\/sviluppoweb2.vmgroupsagl.com\/bellotti\/wp-json\/wp\/v2\/pages\/10497"}],"collection":[{"href":"https:\/\/sviluppoweb2.vmgroupsagl.com\/bellotti\/wp-json\/wp\/v2\/pages"}],"about":[{"href":"https:\/\/sviluppoweb2.vmgroupsagl.com\/bellotti\/wp-json\/wp\/v2\/types\/page"}],"author":[{"embeddable":true,"href":"https:\/\/sviluppoweb2.vmgroupsagl.com\/bellotti\/wp-json\/wp\/v2\/users\/9"}],"replies":[{"embeddable":true,"href":"https:\/\/sviluppoweb2.vmgroupsagl.com\/bellotti\/wp-json\/wp\/v2\/comments?post=10497"}],"version-history":[{"count":3,"href":"https:\/\/sviluppoweb2.vmgroupsagl.com\/bellotti\/wp-json\/wp\/v2\/pages\/10497\/revisions"}],"predecessor-version":[{"id":10503,"href":"https:\/\/sviluppoweb2.vmgroupsagl.com\/bellotti\/wp-json\/wp\/v2\/pages\/10497\/revisions\/10503"}],"wp:attachment":[{"href":"https:\/\/sviluppoweb2.vmgroupsagl.com\/bellotti\/wp-json\/wp\/v2\/media?parent=10497"}],"wp:term":[{"taxonomy":"category","embeddable":true,"href":"https:\/\/sviluppoweb2.vmgroupsagl.com\/bellotti\/wp-json\/wp\/v2\/categories?post=10497"},{"taxonomy":"post_tag","embeddable":true,"href":"https:\/\/sviluppoweb2.vmgroupsagl.com\/bellotti\/wp-json\/wp\/v2\/tags?post=10497"}],"curies":[{"name":"wp","href":"https:\/\/api.w.org\/{rel}","templated":true}]}}