{"id":1614,"date":"2017-01-24T16:16:50","date_gmt":"2017-01-24T15:16:50","guid":{"rendered":"http:\/\/bellottispa.com\/?page_id=1614"},"modified":"2022-07-19T19:31:29","modified_gmt":"2022-07-19T17:31:29","slug":"informativa-privacy","status":"publish","type":"page","link":"https:\/\/sviluppoweb2.vmgroupsagl.com\/bellotti\/informativa-privacy\/","title":{"rendered":"Informativa privacy"},"content":{"rendered":"<p>[vc_row css=&#8221;.vc_custom_1658251754110{margin-bottom: 30px !important;}&#8221; el_class=&#8221;innerwrapper&#8221;][vc_column][vc_column_text]<strong>PRIVACY POLICY \u2013 GENERALE<br \/>\n<\/strong><em>Informativa per trattamento di dati personali \u2013<\/em><br \/>\n<em>Documento informativo ai sensi e per gli effetti di cui all\u2019articolo 13, Reg. (UE) 2016\/679.<\/em><\/p>\n<p><strong><br \/>\nTitolare del trattamento<br \/>\n<\/strong><strong>BELLOTTI SPA<\/strong>, con sede legale in 20821 Meda (MB) &#8211; Via Trento, 68 e sede operativa in 22072 Cermenate (CO) &#8211; Via San Francesco, 1, Tel. 031.777222, e-mail <a href=\"mailto:privacy@sviluppoweb2.vmgroupsagl.com\/bellotti\">privacy@sviluppoweb2.vmgroupsagl.com\/bellotti<\/a>, nella persona di Valentina Bellotti pro tempore.<\/p>\n<p><strong><br \/>\nFinalit\u00e0 del trattamento<\/strong><\/p>\n<p><strong>Finalit\u00e0 A:<br \/>\n<\/strong>Navigazione sul presente sito internet.<br \/>\nAttivit\u00e0 strettamente necessarie al funzionamento del sito e all\u2019erogazione del servizio di navigazione sulla piattaforma.<br \/>\n<strong>Base legale: <\/strong>Legittimo interesse | diritti dell\u2019interessato<br \/>\n<strong>Periodo conservazione dati: <\/strong>Fino alla durata della sessione di navigazione.<\/p>\n<p><strong>Finalit\u00e0 B:<br \/>\n<\/strong>Eventuale richiesta di contatto o richiesta informazioni, compresa la richiesta e l\u2019invio di cataloghi.<br \/>\n<strong>Base legale: <\/strong>Legittimo interesse | richiesta dell&#8217;interessato<br \/>\n<strong>Periodo conservazione dati: <\/strong>1 anno.<\/p>\n<p><strong>Finalit\u00e0 C:<br \/>\n<\/strong>Nell\u2019area \u201c<em>Lavora con noi<\/em>\u201d: raccolta dati su form per selezione del personale, svolgimento dell&#8217;attivit\u00e0 di ricerca e selezione del personale al fine dell\u2019eventuale instaurazione di un rapporto di lavoro, anche per eventuali posizioni differenti rispetto a quelle per le quali l\u2019interessato si \u00e8 candidato spontaneamente; conservazione dei dati personali anche per future selezioni; gestione delle candidature in risposta alle offerte di lavoro pubblicate sul nostro sito web; colloqui ed eventuali video-colloqui (trattamento dati anche di immagine\/audio); eventuale richiesta di referenze contattando soggetti terzi, quali a titolo esemplificativo Universit\u00e0, ex datori di lavoro, Istituti Scolastici, etc..<br \/>\n<strong>Base legale: <\/strong>Esecuzione di misure precontrattuali adottate anche su richiesta dell&#8217;interessato.<br \/>\n<strong>Periodo conservazione dati: <\/strong>1 anno.<\/p>\n<p><strong>Finalit\u00e0 D:<br \/>\n<\/strong>Iscrizione alla newsletter di BELLOTTI SPA tramite e-mailing list, mediante compilazione del form dedicato per ricezione newsletter o comunicazioni promozionali in genere via e-mail.<br \/>\n<strong>Base legale: <\/strong>Consenso<br \/>\n<strong>Periodo conservazione dati:\u00a0<\/strong>Durata iscrizione | Fino ad opposizione ( opt \u2013 out )<\/p>\n<p><strong><br \/>\nConferimento dati<br \/>\n<\/strong>A parte quanto specificato per i dati di navigazione, l&#8217;utente \u00e8 libero di fornire i dati personali.<br \/>\nIl conferimento dei dati \u00e8 facoltativo o necessario a seconda della specifica finalit\u00e0 per la quale il dato viene trattato. Il mancato conferimento dei dati contrassegnati con il simbolo *, comporter\u00e0 l&#8217;impossibilit\u00e0 di ottenere quanto richiesto o di usufruire dei servizi del titolare del trattamento.<\/p>\n<p><strong><br \/>\nDestinatari<br \/>\n<\/strong>Al fine di ottemperare ai contratti in essere o finalit\u00e0 connesse, i suoi dati saranno trattati da societ\u00e0 contrattualmente legate a BELLOTTI SPA, ed in particolare potranno essere comunicati a terzi appartenenti alle seguenti categorie:<\/p>\n<p>&#8211; soggetti che forniscono servizi per la gestione del sistema informativo usato da BELLOTTI SPA e delle reti di telecomunicazioni;<br \/>\n&#8211; liberi professionisti, studi o societ\u00e0 nell\u2019ambito di rapporti di assistenza e consulenza;<br \/>\n&#8211; soggetti che forniscono servizi per la gestione delle attivit\u00e0 sopra indicate nelle finalit\u00e0 (soggetti per comunicazione, stampa brochure, volantini, siti internet, filmati);<br \/>\n&#8211; gestori di piattaforme per i servizi sopra elencati (hosting di siti, ecc.);<br \/>\n&#8211; autorit\u00e0 competenti per adempimenti di obblighi di leggi e\/o di disposizioni di organi pubblici, su richiesta.<\/p>\n<p>I soggetti appartenenti alle categorie suddette svolgono la funzione di Responsabile del trattamento dei dati, oppure operano in totale autonomia come distinti Titolari del trattamento.<\/p>\n<p><strong><br \/>\nTrasferimento dati verso un paese terzo e\/o un\u2019organizzazione internazionale<br \/>\n<\/strong>I dati di natura personale forniti non saranno trasferiti all\u2019estero all\u2019esterno dell\u2019Unione Europea.<\/p>\n<p><strong><br \/>\nDiritti dell\u2019interessato | Reclamo Autorit\u00e0 di controllo<br \/>\n<\/strong>Lei potr\u00e0 far valere i propri diritti come espressi dagli artt. 15, 16, 17, 18, 19, 20, 21, 22 del Regolamento UE 2016\/679, rivolgendosi al Titolare del trattamento, inviando una mail all\u2019indirizzo <a href=\"mailto:privacy@sviluppoweb2.vmgroupsagl.com\/bellotti\">privacy@sviluppoweb2.vmgroupsagl.com\/bellotti<\/a> oppure telefonando al numero +39 031 777222.<br \/>\nLei ha il diritto, in qualunque momento, di chiedere al Titolare del trattamento l\u2019accesso ai Suoi dati personali, la rettifica, la cancellazione degli stessi, la limitazione del trattamento.<br \/>\nInoltre, nei casi previsti, ha il diritto di opporsi, in qualsiasi momento, al trattamento dei suoi dati (compresi i trattamenti automatizzati, es. la profilazione), nonch\u00e9 di revocare il consenso prestato senza pregiudicare la liceit\u00e0 del trattamento basata sul consenso prima della revoca.<br \/>\nFatto salvo ogni altro ricorso amministrativo e giurisdizionale, se ritiene che il trattamento dei dati che la riguardano, violi quanto previsto dal Reg. UE 2016\/679, ai sensi dell\u2019art. 15 lettera f) del succitato Reg. UE 2016\/679, Lei ha il diritto di proporre reclamo al Garante per la protezione dei dati personali e, qualora ne ricorrano i presupposti, con riferimento all\u2019art. 6 paragrafo 1, lettera a) ( <strong><em>consenso<\/em><\/strong> ) e art. 9, paragrafo 2, lettera a) ( <strong><em>consenso per singola finalit\u00e0 dati particolari<\/em><\/strong> ), ha il diritto di revocare in qualsiasi momento il consenso prestato.<br \/>\nNei casi previsti, lei ha il diritto alla portabilit\u00e0 dei suoi dati e in tal caso il Titolare del trattamento Le fornir\u00e0 in un formato strutturato, di uso comune e leggibile, da dispositivo automatico, i dati personali che la riguardano.<\/p>\n<p><strong><br \/>\nModifica informativa sulla Privacy<br \/>\n<\/strong>Il titolare si riserva il diritto di modificare, aggiornare, aggiungere o rimuovere parti della presente informativa sulla privacy a propria discrezione e in qualsiasi momento. Al fine di facilitare tale verifica l\u2019informativa conterr\u00e0 l\u2019indicazione della data di aggiornamento.<\/p>\n<p><em>Data di aggiornamento: 18\/09\/2018<\/em>[\/vc_column_text][\/vc_column][\/vc_row]<\/p>\n","protected":false},"excerpt":{"rendered":"[vc_row css=&#8221;.vc_custom_1658251754110{margin-bottom: 30px !important;}&#8221; el_class=&#8221;innerwrapper&#8221;][vc_column][vc_column_text]PRIVACY POLICY \u2013 GENERALE Informativa per trattamento di&#8230; <a class=\"view-article\" href=\"https:\/\/sviluppoweb2.vmgroupsagl.com\/bellotti\/informativa-privacy\/\">Mostra articolo<\/a>","protected":false},"author":4,"featured_media":0,"parent":0,"menu_order":0,"comment_status":"closed","ping_status":"closed","template":"","meta":[],"categories":[],"tags":[],"acf":[],"_links":{"self":[{"href":"https:\/\/sviluppoweb2.vmgroupsagl.com\/bellotti\/wp-json\/wp\/v2\/pages\/1614"}],"collection":[{"href":"https:\/\/sviluppoweb2.vmgroupsagl.com\/bellotti\/wp-json\/wp\/v2\/pages"}],"about":[{"href":"https:\/\/sviluppoweb2.vmgroupsagl.com\/bellotti\/wp-json\/wp\/v2\/types\/page"}],"author":[{"embeddable":true,"href":"https:\/\/sviluppoweb2.vmgroupsagl.com\/bellotti\/wp-json\/wp\/v2\/users\/4"}],"replies":[{"embeddable":true,"href":"https:\/\/sviluppoweb2.vmgroupsagl.com\/bellotti\/wp-json\/wp\/v2\/comments?post=1614"}],"version-history":[{"count":1,"href":"https:\/\/sviluppoweb2.vmgroupsagl.com\/bellotti\/wp-json\/wp\/v2\/pages\/1614\/revisions"}],"predecessor-version":[{"id":10482,"href":"https:\/\/sviluppoweb2.vmgroupsagl.com\/bellotti\/wp-json\/wp\/v2\/pages\/1614\/revisions\/10482"}],"wp:attachment":[{"href":"https:\/\/sviluppoweb2.vmgroupsagl.com\/bellotti\/wp-json\/wp\/v2\/media?parent=1614"}],"wp:term":[{"taxonomy":"category","embeddable":true,"href":"https:\/\/sviluppoweb2.vmgroupsagl.com\/bellotti\/wp-json\/wp\/v2\/categories?post=1614"},{"taxonomy":"post_tag","embeddable":true,"href":"https:\/\/sviluppoweb2.vmgroupsagl.com\/bellotti\/wp-json\/wp\/v2\/tags?post=1614"}],"curies":[{"name":"wp","href":"https:\/\/api.w.org\/{rel}","templated":true}]}}