{"id":2632,"date":"2018-09-18T10:19:30","date_gmt":"2018-09-18T08:19:30","guid":{"rendered":"http:\/\/bellottispa.com\/?page_id=2632"},"modified":"2022-07-19T19:34:43","modified_gmt":"2022-07-19T17:34:43","slug":"informativa-cookie","status":"publish","type":"page","link":"https:\/\/sviluppoweb2.vmgroupsagl.com\/bellotti\/informativa-cookie\/","title":{"rendered":"Informativa cookie"},"content":{"rendered":"<p>[vc_row css=&#8221;.vc_custom_1658252059671{margin-bottom: 30px !important;}&#8221; el_class=&#8221;innerwrapper&#8221;][vc_column][vc_column_text]<strong>COOKIE POLICY<\/strong><\/p>\n<p>La tutela della vostra Privacy \u00e8 uno dei nostri principali obiettivi: la nostra privacy Policy completa \u00e8 visibile a questo link. Questo sito utilizza i cookie, necessari al suo funzionamento ed utili alle finalit\u00e0 illustrate nella cookie policy.<\/p>\n<p>&nbsp;<\/p>\n<p><strong>Titolare del trattamento<\/strong><\/p>\n<p>Il titolare del trattamento \u00e8<br \/>\n<strong>Bellotti spa<br \/>\n<\/strong>via San Francesco, 1<br \/>\nCermenate (CO)<br \/>\n22072 \u2013 Italy<br \/>\nT +39 031 777222<br \/>\nF +39 031 771148<br \/>\nE <a href=\"mailto:info@sviluppoweb2.vmgroupsagl.com\/bellotti\">info@sviluppoweb2.vmgroupsagl.com\/bellotti<\/a><br \/>\nP. iva 00760900969<br \/>\nCod. Fisc. 03703650154<br \/>\nPEC: <a href=\"mailto:bellottispa@pecplus.eu\">bellottispa@pecplus.eu<\/a><\/p>\n<p>&nbsp;<\/p>\n<p><strong>Cosa sono i cookie<\/strong><\/p>\n<p>I cookie sono <strong>piccoli file di testo<\/strong> che memorizzano diverse tipologie di informazioni sull\u2019utente che sta visitando un sito web, come la sua localizzazione, il device da cui si collega (pc, smartphone, tablet..), il browser che usa, i suoi dati di autenticazione, le preferenze di navigazione, etc\u2026 ma possono anche memorizzare dati sulle sue abitudini e scelte personali: informazioni quest\u2019ultime che possono essere utilizzate a posteriori per tracciare un profilo del singolo consumatore.<\/p>\n<p>Pi\u00f9 nello specifico, si distinguono <strong>due macro-categorie di cookie<\/strong>:<\/p>\n<p><strong>Cookie \u201ctecnici\u201d <\/strong>strettamente necessari al funzionamento e fruizione del servizio web, sono utilizzati per raccogliere informazioni in forma aggregata sulle visite al sito. Tra questi abbiamo:<\/p>\n<ul>\n<li>cookie di navigazione (o di sessione)<\/li>\n<li>cookie di autenticazione (per esempio, inserimento utente e password)<\/li>\n<li>cookie di personalizzazione (per esempio, relativi ad attivit\u00e0 di salvataggio delle preferenze)<\/li>\n<li>cookie di funzionalit\u00e0 (per esempio, salvataggio del carrello o delle preferenze sulla lingua\/valuta)<\/li>\n<li>cookie analytics (ovvero statistici, considerati tecnici se adoperati dal gestore per raccogliere dati in <em>forma aggregata (= senza raccogliere gli indirizzi IP)<\/em>, sul numero di utenti e su come questi visitano il sito)<\/li>\n<\/ul>\n<p><strong>Cookie di \u201cprofilazione\u201d <\/strong>servono a delineare il profilo dell\u2019utente ed inviargli pubblicit\u00e0 mirata.<\/p>\n<p>&nbsp;<\/p>\n<p><strong>Tipologie di Cookie del sito<\/strong><\/p>\n<p>Si prega di consultare la privacy policy di Google.<\/p>\n<p><strong>Google plus<\/strong>: laddove siano presenti contenuti pubblicati su GooglePlus, si informa che Google Plus potrebbe installare cookies per rilevare le preferenze sull\u2019utilizzo di questo servizio. Per maggiori informazioni consultare la privacy policy di Google e Google plus.<\/p>\n<p><strong>YouTube<\/strong>: laddove siano presenti video pubblicati su Youtube, si informa che Youtube potrebbe installare cookies per rilevare le preferenze sull\u2019utilizzo di questo servizio. Per maggiori informazioni consultare la privacy policy di YouTube.<\/p>\n<p><strong>Facebook<\/strong>: laddove siano presenti contenuti multimediali pubblicati su Facebook, si informa che Facebook potrebbe installare cookies per rilevare le preferenze sull\u2019utilizo di questo servizio. Per maggiori informazioni consultare la privacy policy di Facebook.<\/p>\n<p><strong>Twitter<\/strong>: laddove siano presenti tweet (widget) pubblicati su Twitter, si informa che Twitter potrebbe installare cookies per rilevare le preferenze sull\u2019utilizzo di questo servizio. Per maggiori informazioni consultare la privacy policy di Twitter.<\/p>\n<p><strong>Linkedin<\/strong>: laddove siano presenti contenuti pubblicati su Linkedin, si informa che Linkedin potrebbe installare cookies per rilevare le preferenze sull\u2019utilizzo di questo servizio. Per maggiori informazioni consultare la privacy policy di Linkedin . Lo stesso vale per eventuali altri link a siti di terze parti, cui faranno riferimento le relative policy.<\/p>\n<p>&nbsp;<\/p>\n<p>Navigando nel <strong>PRESENTE SITO saranno scaricati anche cookie di Google Analytics<\/strong>, esclusivamente per scopi statistici. Attraverso la navigazione al presente sito non \u00e8 possibile identificare gli utenti in quanto gli indirizzi IP sono stati anonimizzati.<\/p>\n<p>&nbsp;<\/p>\n<p>Per i siti che non hanno provveduto a compiere questa operazione, i cookie in questione raccolgono informazioni in forma aggregata al fine di monitorare e analizzare gli accessi alle pagine del sito: le informazioni generate dal cookie sull\u2019utilizzo del sito web vengono comunicate a Google Inc. In ogni caso, su Google Analytics il periodo di conservazione dei dati utente \u00e8 impostato a 14 mesi. Per maggiori informazioni consultare la privacy policy di Google Inc.<\/p>\n<p>&nbsp;<\/p>\n<p>Navigando nel <strong>PRESENTE SITO si acconsente all\u2019utilizzo di cookie in conformit\u00e0 con la presente Policy<\/strong>, ricordando che i cookies memorizzati sul disco fisso del suo dispositivo possono essere cancellati in ogni momento. Se non acconsente all\u2019utilizzo di cookies in questo modo, pu\u00f2 decidere di non utilizzare il nostro sito oppure disabilitare l&#8217;utilizzo dei cookies, seguendo le indicazioni fornite dai ogni browser: <strong>Internet Explorer<\/strong>, <strong>Chrome<\/strong>, <strong>Opera<\/strong>, <strong>Safari<\/strong>, etc&#8230; Le ricordiamo, tuttavia, che impostare il browser disabilitando i cookies potrebbe influenzare la sua esperienza di navigazione nei siti web.[\/vc_column_text][\/vc_column][\/vc_row]<\/p>\n","protected":false},"excerpt":{"rendered":"[vc_row css=&#8221;.vc_custom_1658252059671{margin-bottom: 30px !important;}&#8221; el_class=&#8221;innerwrapper&#8221;][vc_column][vc_column_text]COOKIE POLICY La tutela della vostra Privacy \u00e8&#8230; <a class=\"view-article\" href=\"https:\/\/sviluppoweb2.vmgroupsagl.com\/bellotti\/informativa-cookie\/\">Mostra articolo<\/a>","protected":false},"author":9,"featured_media":0,"parent":0,"menu_order":0,"comment_status":"closed","ping_status":"closed","template":"","meta":[],"categories":[],"tags":[],"acf":[],"_links":{"self":[{"href":"https:\/\/sviluppoweb2.vmgroupsagl.com\/bellotti\/wp-json\/wp\/v2\/pages\/2632"}],"collection":[{"href":"https:\/\/sviluppoweb2.vmgroupsagl.com\/bellotti\/wp-json\/wp\/v2\/pages"}],"about":[{"href":"https:\/\/sviluppoweb2.vmgroupsagl.com\/bellotti\/wp-json\/wp\/v2\/types\/page"}],"author":[{"embeddable":true,"href":"https:\/\/sviluppoweb2.vmgroupsagl.com\/bellotti\/wp-json\/wp\/v2\/users\/9"}],"replies":[{"embeddable":true,"href":"https:\/\/sviluppoweb2.vmgroupsagl.com\/bellotti\/wp-json\/wp\/v2\/comments?post=2632"}],"version-history":[{"count":1,"href":"https:\/\/sviluppoweb2.vmgroupsagl.com\/bellotti\/wp-json\/wp\/v2\/pages\/2632\/revisions"}],"predecessor-version":[{"id":10483,"href":"https:\/\/sviluppoweb2.vmgroupsagl.com\/bellotti\/wp-json\/wp\/v2\/pages\/2632\/revisions\/10483"}],"wp:attachment":[{"href":"https:\/\/sviluppoweb2.vmgroupsagl.com\/bellotti\/wp-json\/wp\/v2\/media?parent=2632"}],"wp:term":[{"taxonomy":"category","embeddable":true,"href":"https:\/\/sviluppoweb2.vmgroupsagl.com\/bellotti\/wp-json\/wp\/v2\/categories?post=2632"},{"taxonomy":"post_tag","embeddable":true,"href":"https:\/\/sviluppoweb2.vmgroupsagl.com\/bellotti\/wp-json\/wp\/v2\/tags?post=2632"}],"curies":[{"name":"wp","href":"https:\/\/api.w.org\/{rel}","templated":true}]}}