{"id":9110,"date":"2020-10-19T16:30:14","date_gmt":"2020-10-19T14:30:14","guid":{"rendered":"https:\/\/bellottispa.com\/?page_id=9110"},"modified":"2020-10-19T16:44:13","modified_gmt":"2020-10-19T14:44:13","slug":"prodotti","status":"publish","type":"page","link":"https:\/\/sviluppoweb2.vmgroupsagl.com\/bellotti\/prodotti\/","title":{"rendered":"Prodotti"},"content":{"rendered":"<p>[vc_row css=&#8221;.vc_custom_1603116835748{margin-bottom: 15px !important;}&#8221;][vc_column width=&#8221;1\/2&#8243; el_class=&#8221;tipologie-block&#8221;][vc_single_image image=&#8221;9076&#8243; img_size=&#8221;full&#8221;][\/vc_column][vc_column width=&#8221;1\/2&#8243;][vc_column_text]<\/p>\n<h2><strong>Prodotti<\/strong><\/h2>\n<p><strong>Materiali e componenti per sistemi<\/strong>[\/vc_column_text][vc_column_text]Bellotti produce compensati marini e pannelli compositi alleggeriti ad elevata efficienza strutturale e con elevate prestazioni meccaniche, adatti a vari impieghi: paratie e pagliolati per gli yacht, sistemi pavimento completi per il settore ferroviario, ed elementi per l\u2019arredo. I componenti impiegati per le strutture e gli inserti, cos\u00ec come gli espansi armati e gli incollaggi garantiscono alte performance di durabilit\u00e0, resistenza e planarit\u00e0.[\/vc_column_text][\/vc_column][\/vc_row][vc_row equal_height=&#8221;yes&#8221; css=&#8221;.vc_custom_1603116812011{padding-top: 45px !important;padding-bottom: 15px !important;background-color: #f6f6f6 !important;}&#8221; el_class=&#8221;full-width&#8221;][vc_column][vc_row_inner equal_height=&#8221;yes&#8221; el_class=&#8221;container&#8221;][vc_column_inner][vc_column_text]<\/p>\n<h2 style=\"margin-bottom: 45px;\">Tipologie<\/h2>\n<p>[\/vc_column_text][\/vc_column_inner][vc_column_inner el_class=&#8221;tipologie-block&#8221; width=&#8221;1\/3&#8243;][vc_single_image image=&#8221;9073&#8243; img_size=&#8221;full&#8221; add_caption=&#8221;yes&#8221; onclick=&#8221;custom_link&#8221; img_link_target=&#8221;_blank&#8221; link=&#8221;https:\/\/sviluppoweb2.vmgroupsagl.com\/bellotti\/typologies\/compensati\/&#8221;][\/vc_column_inner][vc_column_inner el_class=&#8221;tipologie-block&#8221; width=&#8221;1\/3&#8243;][vc_single_image image=&#8221;9081&#8243; img_size=&#8221;full&#8221; add_caption=&#8221;yes&#8221; onclick=&#8221;custom_link&#8221; img_link_target=&#8221;_blank&#8221; link=&#8221;https:\/\/sviluppoweb2.vmgroupsagl.com\/bellotti\/typologies\/pannelli-compositi\/&#8221;][\/vc_column_inner][vc_column_inner el_class=&#8221;tipologie-block&#8221; width=&#8221;1\/3&#8243;][vc_single_image image=&#8221;9084&#8243; img_size=&#8221;full&#8221; add_caption=&#8221;yes&#8221; onclick=&#8221;custom_link&#8221; img_link_target=&#8221;_blank&#8221; link=&#8221;https:\/\/sviluppoweb2.vmgroupsagl.com\/bellotti\/typologies\/pavimenti\/&#8221;][\/vc_column_inner][vc_column_inner el_class=&#8221;tipologie-block&#8221; width=&#8221;1\/3&#8243;][vc_single_image image=&#8221;9087&#8243; img_size=&#8221;full&#8221; add_caption=&#8221;yes&#8221; onclick=&#8221;custom_link&#8221; img_link_target=&#8221;_blank&#8221; link=&#8221;https:\/\/sviluppoweb2.vmgroupsagl.com\/bellotti\/typologies\/prodotti-semilavorati\/&#8221;][\/vc_column_inner][vc_column_inner el_class=&#8221;tipologie-block&#8221; width=&#8221;1\/3&#8243;][vc_single_image image=&#8221;9089&#8243; img_size=&#8221;full&#8221; add_caption=&#8221;yes&#8221; onclick=&#8221;custom_link&#8221; img_link_target=&#8221;_blank&#8221; link=&#8221;https:\/\/sviluppoweb2.vmgroupsagl.com\/bellotti\/typologies\/tavolame-teak\/&#8221;][\/vc_column_inner][\/vc_row_inner][\/vc_column][\/vc_row][vc_row css=&#8221;.vc_custom_1603117325548{padding-top: 20px !important;padding-bottom: 45px !important;}&#8221;][vc_column][vc_column_text]<\/p>\n<h2 style=\"margin-bottom: 45px;\">Settori<\/h2>\n<p>[\/vc_column_text][vc_row_inner equal_height=&#8221;yes&#8221;][vc_column_inner el_class=&#8221;tipologie-block&#8221; width=&#8221;1\/4&#8243;][vc_single_image image=&#8221;9096&#8243; img_size=&#8221;full&#8221; add_caption=&#8221;yes&#8221; onclick=&#8221;custom_link&#8221; img_link_target=&#8221;_blank&#8221; link=&#8221;https:\/\/sviluppoweb2.vmgroupsagl.com\/bellotti\/categoria-prodotto\/nautica\/&#8221;][\/vc_column_inner][vc_column_inner el_class=&#8221;tipologie-block&#8221; width=&#8221;1\/4&#8243;][vc_single_image image=&#8221;9098&#8243; img_size=&#8221;full&#8221; add_caption=&#8221;yes&#8221; onclick=&#8221;custom_link&#8221; img_link_target=&#8221;_blank&#8221; link=&#8221;https:\/\/sviluppoweb2.vmgroupsagl.com\/bellotti\/categoria-prodotto\/trasporti\/&#8221;][\/vc_column_inner][vc_column_inner el_class=&#8221;tipologie-block&#8221; width=&#8221;1\/4&#8243;][vc_single_image image=&#8221;9102&#8243; img_size=&#8221;full&#8221; add_caption=&#8221;yes&#8221; onclick=&#8221;custom_link&#8221; img_link_target=&#8221;_blank&#8221; link=&#8221;https:\/\/sviluppoweb2.vmgroupsagl.com\/bellotti\/categoria-prodotto\/pavimenti\/&#8221;][\/vc_column_inner][vc_column_inner el_class=&#8221;tipologie-block&#8221; width=&#8221;1\/4&#8243;][vc_single_image image=&#8221;9104&#8243; img_size=&#8221;full&#8221; add_caption=&#8221;yes&#8221; onclick=&#8221;custom_link&#8221; img_link_target=&#8221;_blank&#8221; link=&#8221;https:\/\/sviluppoweb2.vmgroupsagl.com\/bellotti\/categoria-prodotto\/industria\/&#8221;][\/vc_column_inner][\/vc_row_inner][\/vc_column][\/vc_row]<\/p>\n","protected":false},"excerpt":{"rendered":"[vc_row css=&#8221;.vc_custom_1603116835748{margin-bottom: 15px !important;}&#8221;][vc_column width=&#8221;1\/2&#8243; el_class=&#8221;tipologie-block&#8221;][vc_single_image image=&#8221;9076&#8243; img_size=&#8221;full&#8221;][\/vc_column][vc_column width=&#8221;1\/2&#8243;][vc_column_text] Prodotti Materiali e&#8230; <a class=\"view-article\" href=\"https:\/\/sviluppoweb2.vmgroupsagl.com\/bellotti\/prodotti\/\">Mostra articolo<\/a>","protected":false},"author":9,"featured_media":9065,"parent":0,"menu_order":0,"comment_status":"closed","ping_status":"closed","template":"","meta":[],"categories":[],"tags":[],"acf":[],"_links":{"self":[{"href":"https:\/\/sviluppoweb2.vmgroupsagl.com\/bellotti\/wp-json\/wp\/v2\/pages\/9110"}],"collection":[{"href":"https:\/\/sviluppoweb2.vmgroupsagl.com\/bellotti\/wp-json\/wp\/v2\/pages"}],"about":[{"href":"https:\/\/sviluppoweb2.vmgroupsagl.com\/bellotti\/wp-json\/wp\/v2\/types\/page"}],"author":[{"embeddable":true,"href":"https:\/\/sviluppoweb2.vmgroupsagl.com\/bellotti\/wp-json\/wp\/v2\/users\/9"}],"replies":[{"embeddable":true,"href":"https:\/\/sviluppoweb2.vmgroupsagl.com\/bellotti\/wp-json\/wp\/v2\/comments?post=9110"}],"version-history":[{"count":0,"href":"https:\/\/sviluppoweb2.vmgroupsagl.com\/bellotti\/wp-json\/wp\/v2\/pages\/9110\/revisions"}],"wp:featuredmedia":[{"embeddable":true,"href":"https:\/\/sviluppoweb2.vmgroupsagl.com\/bellotti\/wp-json\/wp\/v2\/media\/9065"}],"wp:attachment":[{"href":"https:\/\/sviluppoweb2.vmgroupsagl.com\/bellotti\/wp-json\/wp\/v2\/media?parent=9110"}],"wp:term":[{"taxonomy":"category","embeddable":true,"href":"https:\/\/sviluppoweb2.vmgroupsagl.com\/bellotti\/wp-json\/wp\/v2\/categories?post=9110"},{"taxonomy":"post_tag","embeddable":true,"href":"https:\/\/sviluppoweb2.vmgroupsagl.com\/bellotti\/wp-json\/wp\/v2\/tags?post=9110"}],"curies":[{"name":"wp","href":"https:\/\/api.w.org\/{rel}","templated":true}]}}