{"id":765,"date":"2016-10-18T12:59:15","date_gmt":"2016-10-18T10:59:15","guid":{"rendered":"http:\/\/bellottispa.com\/?post_type=product&#038;p=765"},"modified":"2022-05-24T11:07:56","modified_gmt":"2022-05-24T09:07:56","slug":"compensato-marino-in-iroko","status":"publish","type":"product","link":"https:\/\/sviluppoweb2.vmgroupsagl.com\/bellotti\/prodotto\/compensato-marino-in-iroko\/","title":{"rendered":"Compensato Marino in Iroko"},"content":{"rendered":"<p><strong>Descrizione<\/strong><br \/>\nPannello compensato con esterno tranciato Iroko e interno in Okoum\u00e8 derullato.<\/p>\n<p><strong>Composizione<\/strong><br \/>\nCompensato Marino con esterno tranciato in Iroko e interno in Okoum\u00e8 derullato.<\/p>\n<p><strong>Utilizzi<\/strong><br \/>\nIn ambito delle costruzioni nautiche il compensato Marino Iroko tr. 26\/10 trova impiego nella realizzazione dei ponti di coperta.<\/p>\n<p><strong>Plus<\/strong><br \/>\nOttime caratteristiche di durabilit\u00e0 e garantisce la specificit\u00e0 del suo impiego nella nautica, in considerazione delle condizioni limite di esercizio (ottima durabilit\u00e0 in ambienti con alto grado di umidit\u00e0 anche salina). L\u2019incollaggio di tipo fenolico oppure melamminico \u00e8 adatto ad impieghi in ambienti esterni (EN314 Classe 3 &#8211; UNI 6478\/69 Tipo M 100). E\u2019 disponibile: liscio, scanalato, gommato, con filetto bianco o nero. Prodotto realizzato interamente in Italia.<\/p>\n","protected":false},"excerpt":{"rendered":"Compensato marino in Iroko.\r\n<strong>Made in Italy<\/strong>","protected":false},"featured_media":1709,"template":"","meta":[],"product_cat":[9],"product_tag":[],"acf":[],"_links":{"self":[{"href":"https:\/\/sviluppoweb2.vmgroupsagl.com\/bellotti\/wp-json\/wp\/v2\/product\/765"}],"collection":[{"href":"https:\/\/sviluppoweb2.vmgroupsagl.com\/bellotti\/wp-json\/wp\/v2\/product"}],"about":[{"href":"https:\/\/sviluppoweb2.vmgroupsagl.com\/bellotti\/wp-json\/wp\/v2\/types\/product"}],"wp:featuredmedia":[{"embeddable":true,"href":"https:\/\/sviluppoweb2.vmgroupsagl.com\/bellotti\/wp-json\/wp\/v2\/media\/1709"}],"wp:attachment":[{"href":"https:\/\/sviluppoweb2.vmgroupsagl.com\/bellotti\/wp-json\/wp\/v2\/media?parent=765"}],"wp:term":[{"taxonomy":"product_cat","embeddable":true,"href":"https:\/\/sviluppoweb2.vmgroupsagl.com\/bellotti\/wp-json\/wp\/v2\/product_cat?post=765"},{"taxonomy":"product_tag","embeddable":true,"href":"https:\/\/sviluppoweb2.vmgroupsagl.com\/bellotti\/wp-json\/wp\/v2\/product_tag?post=765"}],"curies":[{"name":"wp","href":"https:\/\/api.w.org\/{rel}","templated":true}]}}