{"id":824,"date":"2016-10-18T15:39:10","date_gmt":"2016-10-18T13:39:10","guid":{"rendered":"http:\/\/bellottispa.com\/?post_type=product&#038;p=824"},"modified":"2022-05-24T10:44:55","modified_gmt":"2022-05-24T08:44:55","slug":"laripan-en-200-sv-ig","status":"publish","type":"product","link":"https:\/\/sviluppoweb2.vmgroupsagl.com\/bellotti\/prodotto\/laripan-en-200-sv-ig\/","title":{"rendered":"Laripan\u00ae En 200 SV IG"},"content":{"rendered":"<p><strong>Descrizione<\/strong><br \/>\nPannello composito termoisolante con faccia in gessofibra ignifugo e inserto in polistirene espanso.<\/p>\n<p><strong>Composizione<\/strong><br \/>\nCostituito da lato estradosso in legno, lato intradosso in gessofibra tipo Fermacell\u00ae e inserto termoisolante in polistirene espanso autoestinguete addittivato con grafite.<\/p>\n<p><strong>Utilizzi<\/strong><br \/>\nEdilizia, sottotetti, coperture, pareti.<\/p>\n<p><strong>Plus<\/strong><br \/>\nRealizzato per implementare le caratteristiche di reazione\/protezione al fuoco e le propriet\u00e0 di abbattimento acustico, la sua peculiarit\u00e0 \u00e8 costituita dal rivestimento del lato intradosso con una lastra piana di gessofibra biocompatibile facilmente tinteggiabile in Classe \u201c0\u201d di reazione al fuoco in base all\u2019omologazione DM 26\/06\/84. Le lastre Fermacell\u00ae sono classificate A2-s1, d0 secondo la norma tecnica di prodotto EN 13501-1 e, pertanto, definite incombustibili (Certificato di prova n\u00b0 197059\/RF4270). Prodotto realizzato interamente in Italia.<\/p>\n","protected":false},"excerpt":{"rendered":"Pannello multistrato per coperture.\r\n<strong>Made in Italy.<\/strong>","protected":false},"featured_media":1745,"template":"","meta":[],"product_cat":[225,66],"product_tag":[],"acf":[],"_links":{"self":[{"href":"https:\/\/sviluppoweb2.vmgroupsagl.com\/bellotti\/wp-json\/wp\/v2\/product\/824"}],"collection":[{"href":"https:\/\/sviluppoweb2.vmgroupsagl.com\/bellotti\/wp-json\/wp\/v2\/product"}],"about":[{"href":"https:\/\/sviluppoweb2.vmgroupsagl.com\/bellotti\/wp-json\/wp\/v2\/types\/product"}],"wp:featuredmedia":[{"embeddable":true,"href":"https:\/\/sviluppoweb2.vmgroupsagl.com\/bellotti\/wp-json\/wp\/v2\/media\/1745"}],"wp:attachment":[{"href":"https:\/\/sviluppoweb2.vmgroupsagl.com\/bellotti\/wp-json\/wp\/v2\/media?parent=824"}],"wp:term":[{"taxonomy":"product_cat","embeddable":true,"href":"https:\/\/sviluppoweb2.vmgroupsagl.com\/bellotti\/wp-json\/wp\/v2\/product_cat?post=824"},{"taxonomy":"product_tag","embeddable":true,"href":"https:\/\/sviluppoweb2.vmgroupsagl.com\/bellotti\/wp-json\/wp\/v2\/product_tag?post=824"}],"curies":[{"name":"wp","href":"https:\/\/api.w.org\/{rel}","templated":true}]}}